{"id":14332,"date":"2024-04-18T10:45:18","date_gmt":"2024-04-18T10:45:18","guid":{"rendered":"https:\/\/www.hotel-rohan.com\/acceder-a-lhotel\/"},"modified":"2026-03-05T13:50:11","modified_gmt":"2026-03-05T13:50:11","slug":"zugang-zum-hotel","status":"publish","type":"page","link":"https:\/\/www.hotel-rohan.com\/de\/zugang-zum-hotel\/","title":{"rendered":"Zugang zum Hotel"},"content":{"rendered":"\t\t<div data-elementor-type=\"wp-page\" data-elementor-id=\"14332\" class=\"elementor elementor-14332 elementor-13813\" data-elementor-post-type=\"page\">\n\t\t\t\t\t\t<section data-dce-background-overlay-color=\"#000000\" data-dce-background-image-url=\"https:\/\/www.hotel-rohan.com\/wp-content\/uploads\/2023\/05\/hotel-rohan-strasbourg-petite-france.webp\" class=\"elementor-section elementor-top-section elementor-element elementor-element-c03a3f7 elementor-section-height-min-height elementor-section-boxed elementor-section-height-default elementor-section-items-middle\" data-id=\"c03a3f7\" data-element_type=\"section\" data-e-type=\"section\" data-settings=\"{&quot;background_background&quot;:&quot;classic&quot;}\">\n\t\t\t\t\t\t\t<div class=\" elementor-background-overlay lazyelementorbackgroundimages \"><\/div>\n\t\t\t\t\t\t\t<div class=\"elementor-container elementor-column-gap-default\">\n\t\t\t\t\t<div class=\"elementor-column elementor-col-100 elementor-top-column elementor-element elementor-element-5a29ea5\" data-id=\"5a29ea5\" data-element_type=\"column\" data-e-type=\"column\">\n\t\t\t<div class=\"elementor-widget-wrap elementor-element-populated\">\n\t\t\t\t\t\t<div class=\"elementor-element elementor-element-259b757 elementor-widget elementor-widget-heading\" data-id=\"259b757\" data-element_type=\"widget\" data-e-type=\"widget\" data-widget_type=\"heading.default\">\n\t\t\t\t<div class=\"elementor-widget-container\">\n\t\t\t\t\t<span class=\"elementor-heading-title elementor-size-default\">Zugang zum Hotel<\/span>\t\t\t\t<\/div>\n\t\t\t\t<\/div>\n\t\t\t\t\t<\/div>\n\t\t<\/div>\n\t\t\t\t\t<\/div>\n\t\t<\/section>\n\t\t\t\t<section class=\"elementor-section elementor-top-section elementor-element elementor-element-5218901 elementor-section-boxed elementor-section-height-default elementor-section-height-default\" data-id=\"5218901\" data-element_type=\"section\" data-e-type=\"section\">\n\t\t\t\t\t\t<div class=\"elementor-container elementor-column-gap-default\">\n\t\t\t\t\t<div class=\"elementor-column elementor-col-100 elementor-top-column elementor-element elementor-element-e893aab\" data-id=\"e893aab\" data-element_type=\"column\" data-e-type=\"column\">\n\t\t\t<div class=\"elementor-widget-wrap elementor-element-populated\">\n\t\t\t\t\t\t<div data-dce-title-color=\"#D18A48\" class=\"elementor-element elementor-element-1719896 elementor-widget elementor-widget-heading\" data-id=\"1719896\" data-element_type=\"widget\" data-e-type=\"widget\" data-widget_type=\"heading.default\">\n\t\t\t\t<div class=\"elementor-widget-container\">\n\t\t\t\t\t<h1 class=\"elementor-heading-title elementor-size-default\">Anreise zum Hotel Rohan Stra\u00dfburg<\/h1>\t\t\t\t<\/div>\n\t\t\t\t<\/div>\n\t\t\t\t<div class=\"elementor-element elementor-element-ced32b0 elementor-widget elementor-widget-text-editor\" data-id=\"ced32b0\" data-element_type=\"widget\" data-e-type=\"widget\" data-widget_type=\"text-editor.default\">\n\t\t\t\t<div class=\"elementor-widget-container\">\n\t\t\t\t\t\t\t\t\t<p>Das Hotel Rohan liegt im Herzen der Stra\u00dfburger Altstadt und ist bequem vom Bahnhof, vom Flughafen oder von der Autobahn aus erreichbar. Egal ob Sie mit dem Auto, dem Zug oder dem Flugzeug anreisen \u2013 hier finden Sie alle Informationen, um uns problemlos zu erreichen.<\/p>\t\t\t\t\t\t\t\t<\/div>\n\t\t\t\t<\/div>\n\t\t\t\t<div data-dce-title-color=\"#D18A48\" class=\"elementor-element elementor-element-f6f7992 elementor-widget elementor-widget-heading\" data-id=\"f6f7992\" data-element_type=\"widget\" data-e-type=\"widget\" data-widget_type=\"heading.default\">\n\t\t\t\t<div class=\"elementor-widget-container\">\n\t\t\t\t\t<h2 class=\"elementor-heading-title elementor-size-default\">So erreichen Sie uns<\/h2>\t\t\t\t<\/div>\n\t\t\t\t<\/div>\n\t\t\t\t<section class=\"elementor-section elementor-inner-section elementor-element elementor-element-d567a2d elementor-section-boxed elementor-section-height-default elementor-section-height-default\" data-id=\"d567a2d\" data-element_type=\"section\" data-e-type=\"section\">\n\t\t\t\t\t\t<div class=\"elementor-container elementor-column-gap-default\">\n\t\t\t\t\t<div data-dce-background-color=\"#F4F0E3\" class=\"elementor-column elementor-col-50 elementor-inner-column elementor-element elementor-element-ea6121a\" data-id=\"ea6121a\" data-element_type=\"column\" data-e-type=\"column\" data-settings=\"{&quot;background_background&quot;:&quot;classic&quot;}\">\n\t\t\t<div class=\"elementor-widget-wrap elementor-element-populated\">\n\t\t\t\t\t\t<div data-dce-title-color=\"#BD7C40\" class=\"elementor-element elementor-element-6596f8b elementor-widget elementor-widget-heading\" data-id=\"6596f8b\" data-element_type=\"widget\" data-e-type=\"widget\" data-widget_type=\"heading.default\">\n\t\t\t\t<div class=\"elementor-widget-container\">\n\t\t\t\t\t<h3 class=\"elementor-heading-title elementor-size-default\">KOMMEN SIE MIT DEM AUTO?<\/h3>\t\t\t\t<\/div>\n\t\t\t\t<\/div>\n\t\t\t\t<div class=\"elementor-element elementor-element-d2c1ecb elementor-widget elementor-widget-text-editor\" data-id=\"d2c1ecb\" data-element_type=\"widget\" data-e-type=\"widget\" data-widget_type=\"text-editor.default\">\n\t\t\t\t<div class=\"elementor-widget-container\">\n\t\t\t\t\t\t\t\t\t<p>Das Hotel befindet sich in einer Fu\u00dfg\u00e4ngerzone. Fahren Sie direkt zum \u00f6ffentlichen Parkhaus Austerlitz, das ab der Autobahnausfahrt \u201ePlace de l&#8217;Etoile\u201c ausgeschildert ist. Folgen Sie einfach den Schildern Centre-Ville (Stadtzentrum) und dann \u201eParking AUSTERLITZ\u201c.<\/p><p>Der Einfachheit halber geben Sie \u201eRue des B\u0153ufs\u201c in Ihr Navigationsger\u00e4t ein und es wird Sie direkt vor den Eingang f\u00fchren (300 Meter zu Fu\u00df vom H\u00f4tel Rohan entfernt).<\/p><p>Achtung maximale H\u00f6he 1.90M.<\/p><p><strong>Tarif:<\/strong> 22\u20ac\/24h<\/p><p>Falls der Parkplatz voll ist, steht auch der Gutenberg-Parkplatz auf dem gleichnamigen Platz zur Verf\u00fcgung. Es hat den Vorteil, dass es das n\u00e4chstgelegene Parkhaus zum Hotel ist (150 m), kostet aber mehr (44\u20ac\/24h).<\/p><p><strong style=\"color: red;\">ACHTUNG:<\/strong> Ab dem 1. Januar 2024 werden die Vignetten CRIT&#8217;AIR 4 + 3 aus der Eurometropole Stra\u00dfburg verbannt. Es werden nur noch die Vignetten 1 und 2 akzeptiert.<br \/>Sie k\u00f6nnen sie unter diesem Link bestellen: <span style=\"color: #8c945e;\"><a style=\"color: #8c945e;\" href=\"http:\/\/www.certificat-air.gouv.fr\/\"><strong>www.certificat-air.gouv.fr<\/strong><\/a><\/span><\/p>\t\t\t\t\t\t\t\t<\/div>\n\t\t\t\t<\/div>\n\t\t\t\t\t<\/div>\n\t\t<\/div>\n\t\t\t\t<div data-dce-background-image-url=\"https:\/\/www.hotel-rohan.com\/wp-content\/uploads\/2022\/03\/Hotel-Rohan-Strasbourg-5.webp\" class=\"elementor-column elementor-col-50 elementor-inner-column elementor-element elementor-element-57a62e4\" data-id=\"57a62e4\" data-element_type=\"column\" data-e-type=\"column\" data-settings=\"{&quot;background_background&quot;:&quot;classic&quot;}\">\n\t\t\t<div class=\"elementor-widget-wrap elementor-element-populated\">\n\t\t\t\t\t\t<div class=\"elementor-element elementor-element-3612958 elementor-widget elementor-widget-spacer\" data-id=\"3612958\" data-element_type=\"widget\" data-e-type=\"widget\" data-widget_type=\"spacer.default\">\n\t\t\t\t<div class=\"elementor-widget-container\">\n\t\t\t\t\t\t\t<div class=\"elementor-spacer\">\n\t\t\t<div class=\"elementor-spacer-inner\"><\/div>\n\t\t<\/div>\n\t\t\t\t\t\t<\/div>\n\t\t\t\t<\/div>\n\t\t\t\t\t<\/div>\n\t\t<\/div>\n\t\t\t\t\t<\/div>\n\t\t<\/section>\n\t\t\t\t<section class=\"elementor-section elementor-inner-section elementor-element elementor-element-a107258 elementor-reverse-tablet elementor-reverse-mobile elementor-section-boxed elementor-section-height-default elementor-section-height-default\" data-id=\"a107258\" data-element_type=\"section\" data-e-type=\"section\">\n\t\t\t\t\t\t<div class=\"elementor-container elementor-column-gap-default\">\n\t\t\t\t\t<div data-dce-background-image-url=\"https:\/\/www.hotel-rohan.com\/wp-content\/uploads\/2022\/03\/Salle-de-bain-Confort-double-1.webp\" class=\"elementor-column elementor-col-50 elementor-inner-column elementor-element elementor-element-5667998\" data-id=\"5667998\" data-element_type=\"column\" data-e-type=\"column\" data-settings=\"{&quot;background_background&quot;:&quot;classic&quot;}\">\n\t\t\t<div class=\"elementor-widget-wrap elementor-element-populated\">\n\t\t\t\t\t\t<div class=\"elementor-element elementor-element-2d2791b elementor-widget elementor-widget-spacer\" data-id=\"2d2791b\" data-element_type=\"widget\" data-e-type=\"widget\" data-widget_type=\"spacer.default\">\n\t\t\t\t<div class=\"elementor-widget-container\">\n\t\t\t\t\t\t\t<div class=\"elementor-spacer\">\n\t\t\t<div class=\"elementor-spacer-inner\"><\/div>\n\t\t<\/div>\n\t\t\t\t\t\t<\/div>\n\t\t\t\t<\/div>\n\t\t\t\t\t<\/div>\n\t\t<\/div>\n\t\t\t\t<div data-dce-background-color=\"#F4F0E3\" class=\"elementor-column elementor-col-50 elementor-inner-column elementor-element elementor-element-de4a182\" data-id=\"de4a182\" data-element_type=\"column\" data-e-type=\"column\" data-settings=\"{&quot;background_background&quot;:&quot;classic&quot;}\">\n\t\t\t<div class=\"elementor-widget-wrap elementor-element-populated\">\n\t\t\t\t\t\t<div class=\"elementor-element elementor-element-cf1e998 elementor-widget elementor-widget-heading\" data-id=\"cf1e998\" data-element_type=\"widget\" data-e-type=\"widget\" data-widget_type=\"heading.default\">\n\t\t\t\t<div class=\"elementor-widget-container\">\n\t\t\t\t\t<h3 class=\"elementor-heading-title elementor-size-default\"><a href=\"https:\/\/www.hotel-roys-versailles.com\/\" target=\"_blank\">Kommen Sie mit dem Zug?<\/a><\/h3>\t\t\t\t<\/div>\n\t\t\t\t<\/div>\n\t\t\t\t<div class=\"elementor-element elementor-element-83bb9b2 elementor-widget elementor-widget-text-editor\" data-id=\"83bb9b2\" data-element_type=\"widget\" data-e-type=\"widget\" data-widget_type=\"text-editor.default\">\n\t\t\t\t<div class=\"elementor-widget-container\">\n\t\t\t\t\t\t\t\t\t<p>Kommen Sie mit dem TGV, nehmen Sie die Stra\u00dfenbahn unter dem Bahnhof und fahren Sie in nur 4 Stationen durch die Stadt, um uns in 8 Minuten zu erreichen. &#8211; Haltestelle: Langstross Grand&#8217;Rue.<\/p><p>Stra\u00dfenbahn <strong>Linie A<\/strong> (Richtung Illkirch) oder <strong>Linie D<\/strong> (Richtung Kehl Rathaus) -.<\/p><p><strong>Ticket:<\/strong> 1,90\u20ac, zu kaufen am Bahnsteig oder \u00fcber die CTS Mobile App.<\/p>\t\t\t\t\t\t\t\t<\/div>\n\t\t\t\t<\/div>\n\t\t\t\t<div class=\"elementor-element elementor-element-68eb054 elementor-widget elementor-widget-heading\" data-id=\"68eb054\" data-element_type=\"widget\" data-e-type=\"widget\" data-widget_type=\"heading.default\">\n\t\t\t\t<div class=\"elementor-widget-container\">\n\t\t\t\t\t<h3 class=\"elementor-heading-title elementor-size-default\"><a href=\"https:\/\/www.hotel-roys-versailles.com\/\" target=\"_blank\">Sie kommen mit dem Flugzeug? Sie sind nur 9 Minuten von Stra\u00dfburg entfernt.\n<\/a><\/h3>\t\t\t\t<\/div>\n\t\t\t\t<\/div>\n\t\t\t\t<div class=\"elementor-element elementor-element-e091eba elementor-widget elementor-widget-text-editor\" data-id=\"e091eba\" data-element_type=\"widget\" data-e-type=\"widget\" data-widget_type=\"text-editor.default\">\n\t\t\t\t<div class=\"elementor-widget-container\">\n\t\t\t\t\t\t\t\t\t<p>Es ist m\u00f6glich, den TER vom Flughafen Entzheim nach Stra\u00dfburg zu nehmen. Die Z\u00fcge fahren im Durchschnitt alle 20 Minuten. Holen Sie sich Ihre Fahrkarten auf www.oui.sncf.<\/p><p><strong>Ticket:<\/strong> 4,50\u20ac (G\u00fcltigkeit 1,5 Stunden und beinhaltet das TER-Ticket und das Tram-Ticket).<\/p>\t\t\t\t\t\t\t\t<\/div>\n\t\t\t\t<\/div>\n\t\t\t\t<div class=\"elementor-element elementor-element-e436993 elementor-widget elementor-widget-heading\" data-id=\"e436993\" data-element_type=\"widget\" data-e-type=\"widget\" data-widget_type=\"heading.default\">\n\t\t\t\t<div class=\"elementor-widget-container\">\n\t\t\t\t\t<h3 class=\"elementor-heading-title elementor-size-default\"><a href=\"https:\/\/www.hotel-roys-versailles.com\/\" target=\"_blank\">M\u00f6chten Sie ein Taxi buchen?<\/a><\/h3>\t\t\t\t<\/div>\n\t\t\t\t<\/div>\n\t\t\t\t<div class=\"elementor-element elementor-element-df08bfa elementor-widget elementor-widget-text-editor\" data-id=\"df08bfa\" data-element_type=\"widget\" data-e-type=\"widget\" data-widget_type=\"text-editor.default\">\n\t\t\t\t<div class=\"elementor-widget-container\">\n\t\t\t\t\t\t\t\t\t<p>Unternehmen TAXI 13 24H\/24 &#8211; 7J\/7 erreichbar unter <a href=\"tel:0033388328511\"><span style=\"color: #8c945e;\"><strong>03.88.36.13.13<\/strong><\/span><\/a> oder <a href=\"http:\/\/www.taxi13.fr\"><strong><span style=\"color: #8c945e;\">www.taxi13.fr<\/span><\/strong><\/a><\/p>\t\t\t\t\t\t\t\t<\/div>\n\t\t\t\t<\/div>\n\t\t\t\t\t<\/div>\n\t\t<\/div>\n\t\t\t\t\t<\/div>\n\t\t<\/section>\n\t\t\t\t<div class=\"elementor-element elementor-element-24ae039 elementor-widget elementor-widget-image\" data-id=\"24ae039\" data-element_type=\"widget\" data-e-type=\"widget\" data-widget_type=\"image.default\">\n\t\t\t\t<div class=\"elementor-widget-container\">\n\t\t\t\t\t\t\t\t\t\t\t\t\t\t\t<img fetchpriority=\"high\" decoding=\"async\" width=\"2047\" height=\"883\" src=\"https:\/\/www.hotel-rohan.com\/wp-content\/uploads\/strasbourg-hotel-rohan-map-1.png\" class=\"attachment-full size-full wp-image-13849\" alt=\"\" srcset=\"https:\/\/www.hotel-rohan.com\/wp-content\/uploads\/strasbourg-hotel-rohan-map-1.png 2047w, https:\/\/www.hotel-rohan.com\/wp-content\/uploads\/strasbourg-hotel-rohan-map-1-300x129.png 300w, https:\/\/www.hotel-rohan.com\/wp-content\/uploads\/strasbourg-hotel-rohan-map-1-1024x442.png 1024w, https:\/\/www.hotel-rohan.com\/wp-content\/uploads\/strasbourg-hotel-rohan-map-1-768x331.png 768w, https:\/\/www.hotel-rohan.com\/wp-content\/uploads\/strasbourg-hotel-rohan-map-1-1536x663.png 1536w\" sizes=\"(max-width: 2047px) 100vw, 2047px\" \/>\t\t\t\t\t\t\t\t\t\t\t\t\t\t\t<\/div>\n\t\t\t\t<\/div>\n\t\t\t\t\t<\/div>\n\t\t<\/div>\n\t\t\t\t\t<\/div>\n\t\t<\/section>\n\t\t\t\t<\/div>\n\t\t","protected":false},"excerpt":{"rendered":"<p>Zugang zum Hotel Anreise zum Hotel Rohan Stra\u00dfburg Das Hotel Rohan liegt im Herzen der Stra\u00dfburger Altstadt und ist bequem vom Bahnhof, vom Flughafen oder von der Autobahn aus erreichbar. Egal ob Sie mit dem Auto, dem Zug oder dem Flugzeug anreisen \u2013 hier finden Sie alle Informationen, um uns problemlos zu erreichen. So erreichen [&hellip;]<\/p>\n","protected":false},"author":3,"featured_media":0,"parent":0,"menu_order":4,"comment_status":"closed","ping_status":"closed","template":"","meta":{"_acf_changed":false,"footnotes":""},"class_list":["post-14332","page","type-page","status-publish","hentry"],"acf":[],"_links":{"self":[{"href":"https:\/\/www.hotel-rohan.com\/de\/wp-json\/wp\/v2\/pages\/14332","targetHints":{"allow":["GET"]}}],"collection":[{"href":"https:\/\/www.hotel-rohan.com\/de\/wp-json\/wp\/v2\/pages"}],"about":[{"href":"https:\/\/www.hotel-rohan.com\/de\/wp-json\/wp\/v2\/types\/page"}],"author":[{"embeddable":true,"href":"https:\/\/www.hotel-rohan.com\/de\/wp-json\/wp\/v2\/users\/3"}],"replies":[{"embeddable":true,"href":"https:\/\/www.hotel-rohan.com\/de\/wp-json\/wp\/v2\/comments?post=14332"}],"version-history":[{"count":21,"href":"https:\/\/www.hotel-rohan.com\/de\/wp-json\/wp\/v2\/pages\/14332\/revisions"}],"predecessor-version":[{"id":15940,"href":"https:\/\/www.hotel-rohan.com\/de\/wp-json\/wp\/v2\/pages\/14332\/revisions\/15940"}],"wp:attachment":[{"href":"https:\/\/www.hotel-rohan.com\/de\/wp-json\/wp\/v2\/media?parent=14332"}],"curies":[{"name":"wp","href":"https:\/\/api.w.org\/{rel}","templated":true}]}}