{"id":9629,"date":"2021-10-28T10:26:34","date_gmt":"2021-10-28T10:26:34","guid":{"rendered":"https:\/\/www2.hotel-rohan.com\/chambres\/"},"modified":"2026-03-06T13:11:45","modified_gmt":"2026-03-06T13:11:45","slug":"zimmer","status":"publish","type":"page","link":"https:\/\/www.hotel-rohan.com\/de\/zimmer\/","title":{"rendered":"Zimmer"},"content":{"rendered":"<div  class=\"ewd-ufaq-faq-list ewd-ufaq-page-type-distinct ewd-ufaq-category-tabs-\" id='ewd-ufaq-faq-list'>\n\n\t<input type='hidden' name='show_on_load' value='' id='ewd-ufaq-show-on-load' \/>\n<input type='hidden' name='include_category' value='' id='ewd-ufaq-include-category' \/>\n<input type='hidden' name='exclude_category' value='' id='ewd-ufaq-exclude-category' \/>\n<input type='hidden' name='orderby' value='title' id='ewd-ufaq-orderby' \/>\n<input type='hidden' name='order' value='asc' id='ewd-ufaq-order' \/>\n<input type='hidden' name='post_count' value='-1' id='ewd-ufaq-post-count' \/>\n<input type='hidden' name='current_url' value='\/de\/wp-json\/wp\/v2\/pages\/9629' id='ewd-ufaq-current-url' \/>\n\t\n\t\n\t<div class='ewd-ufaq-faqs'>\n\n\t\t<div  class=\"ewd-ufaq-faq-div ewd-ufaq-faq-column-count-one ewd-ufaq-faq-responsive-columns- ewd-ufaq-faq-display-style-default ewd-ufaq-can-be-toggled\" id='ewd-ufaq-post-15365-Olkno7xZCq' data-post_id='15365'>\n\n\t\t\n\t<div class='ewd-ufaq-faq-title ewd-ufaq-faq-toggle'>\n\t\n\t<a class='ewd-ufaq-post-margin'  href='#' role=\"button\">\n\n\t\t<div class='ewd-ufaq-post-margin-symbol ewd-ufaq-'>\n\t\t\t<span >A<\/span>\n\t\t<\/div>\n\n\t\t<div class='ewd-ufaq-faq-title-text'>\n\n\t\t\t<h4>\n\t\t\t\tKann ich eine Massage in meinem Zimmer buchen?\t\t\t<\/h4>\n\n\t\t<\/div>\n\n\t\t<div class='ewd-ufaq-clear'><\/div>\n\n\t<\/a>\n\t\n<\/div>\n\t\n\t<div class='ewd-ufaq-faq-body' >\n\n\t\t\n\t\t\t<div class='ewd-ufaq-faq-categories'>\n\t\n\tKategorie:\n\t\n\t\tFAQ chambres\n\t\n<\/div>\n\t\t\n\t\t\t<div class='ewd-ufaq-post-margin ewd-ufaq-faq-post'>\n\t<p>Ja, es ist m\u00f6glich, eine Massage im Zimmer zu arrangieren, vorbehaltlich der Verf\u00fcgbarkeit einer Therapeutin. Informieren Sie uns einfach im Voraus, damit wir die verf\u00fcgbaren Termine pr\u00fcfen und Ihnen die beste Option anbieten k\u00f6nnen.<\/p>\n<\/div>\n\t\t\n\t\t\t\n\t\t\n\t\t\t\n\t\t\n\t\t\t\n\t\t\n\t\t\t\n\t\t\n\t\t\t\n\t\t\n\t\t\t\n\t\t\n\t\t\t\n\t\t\n\t\t\t\n\t\t\n\t<\/div>\n\n<\/div>\n\t<\/div>\n\n\t\n<\/div>","protected":false},"excerpt":{"rendered":"<p>A Kann ich eine Massage in meinem Zimmer buchen? Kategorie: FAQ chambres Ja, es ist m\u00f6glich, eine Massage im Zimmer zu arrangieren, vorbehaltlich der Verf\u00fcgbarkeit einer Therapeutin. Informieren Sie uns einfach im Voraus, damit wir die verf\u00fcgbaren Termine pr\u00fcfen und Ihnen die beste Option anbieten k\u00f6nnen.<\/p>\n","protected":false},"author":1,"featured_media":0,"parent":0,"menu_order":29,"comment_status":"closed","ping_status":"closed","template":"elementor_header_footer","meta":{"_acf_changed":false,"footnotes":""},"class_list":["post-9629","page","type-page","status-publish","hentry"],"acf":[],"_links":{"self":[{"href":"https:\/\/www.hotel-rohan.com\/de\/wp-json\/wp\/v2\/pages\/9629","targetHints":{"allow":["GET"]}}],"collection":[{"href":"https:\/\/www.hotel-rohan.com\/de\/wp-json\/wp\/v2\/pages"}],"about":[{"href":"https:\/\/www.hotel-rohan.com\/de\/wp-json\/wp\/v2\/types\/page"}],"author":[{"embeddable":true,"href":"https:\/\/www.hotel-rohan.com\/de\/wp-json\/wp\/v2\/users\/1"}],"replies":[{"embeddable":true,"href":"https:\/\/www.hotel-rohan.com\/de\/wp-json\/wp\/v2\/comments?post=9629"}],"version-history":[{"count":12,"href":"https:\/\/www.hotel-rohan.com\/de\/wp-json\/wp\/v2\/pages\/9629\/revisions"}],"predecessor-version":[{"id":15978,"href":"https:\/\/www.hotel-rohan.com\/de\/wp-json\/wp\/v2\/pages\/9629\/revisions\/15978"}],"wp:attachment":[{"href":"https:\/\/www.hotel-rohan.com\/de\/wp-json\/wp\/v2\/media?parent=9629"}],"curies":[{"name":"wp","href":"https:\/\/api.w.org\/{rel}","templated":true}]}}