{"id":13203,"date":"2023-10-27T09:49:47","date_gmt":"2023-10-27T09:49:47","guid":{"rendered":"https:\/\/www.hotel-rohan.com\/?page_id=13203"},"modified":"2023-11-10T15:35:04","modified_gmt":"2023-11-10T15:35:04","slug":"plan-du-site","status":"publish","type":"page","link":"https:\/\/www.hotel-rohan.com\/fr\/plan-du-site\/","title":{"rendered":"Plan du site"},"content":{"rendered":"\t\t<div data-elementor-type=\"wp-page\" data-elementor-id=\"13203\" class=\"elementor elementor-13203\" data-elementor-post-type=\"page\">\n\t\t\t\t\t\t<section data-dce-background-overlay-color=\"#000000\" data-dce-background-image-url=\"https:\/\/www.hotel-rohan.com\/wp-content\/uploads\/2022\/03\/Hotel-Rohan-Strasbourg-4-etoiles-2.webp\" class=\"elementor-section elementor-top-section elementor-element elementor-element-c51d07f elementor-section-height-min-height elementor-section-boxed elementor-section-height-default elementor-section-items-middle\" data-id=\"c51d07f\" data-element_type=\"section\" data-e-type=\"section\" data-settings=\"{&quot;background_background&quot;:&quot;classic&quot;}\">\n\t\t\t\t\t\t\t<div class=\" elementor-background-overlay lazyelementorbackgroundimages \"><\/div>\n\t\t\t\t\t\t\t<div class=\"elementor-container elementor-column-gap-default\">\n\t\t\t\t\t<div class=\"elementor-column elementor-col-100 elementor-top-column elementor-element elementor-element-ec4a3b7\" data-id=\"ec4a3b7\" data-element_type=\"column\" data-e-type=\"column\">\n\t\t\t<div class=\"elementor-widget-wrap elementor-element-populated\">\n\t\t\t\t\t\t\t<\/div>\n\t\t<\/div>\n\t\t\t\t\t<\/div>\n\t\t<\/section>\n\t\t\t\t<section class=\"elementor-section elementor-top-section elementor-element elementor-element-4b5baa5 elementor-section-boxed elementor-section-height-default elementor-section-height-default\" data-id=\"4b5baa5\" data-element_type=\"section\" data-e-type=\"section\">\n\t\t\t\t\t\t<div class=\"elementor-container elementor-column-gap-default\">\n\t\t\t\t\t<div class=\"elementor-column elementor-col-100 elementor-top-column elementor-element elementor-element-2765baa sitemap-links-container\" data-id=\"2765baa\" data-element_type=\"column\" data-e-type=\"column\">\n\t\t\t<div class=\"elementor-widget-wrap elementor-element-populated\">\n\t\t\t\t\t\t<section class=\"elementor-section elementor-inner-section elementor-element elementor-element-cef0674 elementor-section-boxed elementor-section-height-default elementor-section-height-default\" data-id=\"cef0674\" data-element_type=\"section\" data-e-type=\"section\">\n\t\t\t\t\t\t<div class=\"elementor-container elementor-column-gap-default\">\n\t\t\t\t\t<div class=\"elementor-column elementor-col-100 elementor-inner-column elementor-element elementor-element-51d25d7\" data-id=\"51d25d7\" data-element_type=\"column\" data-e-type=\"column\">\n\t\t\t<div class=\"elementor-widget-wrap elementor-element-populated\">\n\t\t\t\t\t\t<div class=\"elementor-element elementor-element-7b3b67c elementor-widget elementor-widget-sitemap\" data-id=\"7b3b67c\" data-element_type=\"widget\" data-e-type=\"widget\" data-widget_type=\"sitemap.default\">\n\t\t\t\t<div class=\"elementor-widget-container\">\n\t\t\t\t\t<div class=\"elementor-sitemap-wrap\"><div class=\"elementor-sitemap-section\"><h2 class=\"elementor-sitemap-title elementor-sitemap-page-title\">Pages<\/h2><ul class=\"elementor-sitemap-list elementor-sitemap-page-list\"><li class=\"elementor-sitemap-item elementor-sitemap-item-page page_item page-item-13813\"><a href=\"https:\/\/www.hotel-rohan.com\/fr\/acceder-a-lhotel\/\">Acc\u00e9der \u00e0 l&rsquo;h\u00f4tel<\/a><\/li><li class=\"elementor-sitemap-item elementor-sitemap-item-page page_item page-item-8\"><a href=\"https:\/\/www.hotel-rohan.com\/fr\/\">Accueil<\/a><\/li><li class=\"elementor-sitemap-item elementor-sitemap-item-page page_item page-item-14476\"><a href=\"https:\/\/www.hotel-rohan.com\/fr\/blog\/\">Blog<\/a><\/li><li class=\"elementor-sitemap-item elementor-sitemap-item-page page_item page-item-373\"><a href=\"https:\/\/www.hotel-rohan.com\/fr\/chambres\/\">Chambres<\/a><\/li><li class=\"elementor-sitemap-item elementor-sitemap-item-page page_item page-item-1327\"><a href=\"https:\/\/www.hotel-rohan.com\/fr\/cgv\/\">Conditions G\u00e9n\u00e9rales de Vente<\/a><\/li><li class=\"elementor-sitemap-item elementor-sitemap-item-page page_item page-item-569\"><a href=\"https:\/\/www.hotel-rohan.com\/fr\/contact-acces\/\">Contact &#038; acc\u00e8s<\/a><\/li><li class=\"elementor-sitemap-item elementor-sitemap-item-page page_item page-item-548\"><a href=\"https:\/\/www.hotel-rohan.com\/fr\/galerie-photos\/\">Galerie<\/a><\/li><li class=\"elementor-sitemap-item elementor-sitemap-item-page page_item page-item-3\"><a href=\"https:\/\/www.hotel-rohan.com\/fr\/mentions-legales\/\">Mentions l\u00e9gales<\/a><\/li><li class=\"elementor-sitemap-item elementor-sitemap-item-page page_item page-item-1392\"><a href=\"https:\/\/www.hotel-rohan.com\/fr\/offres-speciales\/\">Offres<\/a><\/li><li class=\"elementor-sitemap-item elementor-sitemap-item-page page_item page-item-13203\"><a href=\"https:\/\/www.hotel-rohan.com\/fr\/plan-du-site\/\">Plan du site<\/a><\/li><li class=\"elementor-sitemap-item elementor-sitemap-item-page page_item page-item-1289\"><a href=\"https:\/\/www.hotel-rohan.com\/fr\/politique-confidentialite\/\">Politique de confidentialit\u00e9<\/a><\/li><li class=\"elementor-sitemap-item elementor-sitemap-item-page page_item page-item-1049\"><a href=\"https:\/\/www.hotel-rohan.com\/fr\/services\/\">Services<\/a><\/li><\/ul><\/div><\/div>\t\t\t\t<\/div>\n\t\t\t\t<\/div>\n\t\t\t\t<div class=\"elementor-element elementor-element-ea75118 elementor-widget elementor-widget-sitemap\" data-id=\"ea75118\" data-element_type=\"widget\" data-e-type=\"widget\" data-widget_type=\"sitemap.default\">\n\t\t\t\t<div class=\"elementor-widget-container\">\n\t\t\t\t\t<div class=\"elementor-sitemap-wrap\"><div class=\"elementor-sitemap-section\"><h2 class=\"elementor-sitemap-title elementor-sitemap-chambre-title\">Chambres<\/h2><ul class=\"elementor-sitemap-list elementor-sitemap-chambre-list\"><li class=\"elementor-sitemap-item elementor-sitemap-item-chambre page_item page-item-4265\"><a href=\"https:\/\/www.hotel-rohan.com\/fr\/chambre\/suites\/\">Suites<\/a><\/li><li class=\"elementor-sitemap-item elementor-sitemap-item-chambre page_item page-item-7109\"><a href=\"https:\/\/www.hotel-rohan.com\/fr\/chambre\/chambre-triple\/\">Chambre Triple<\/a><\/li><li class=\"elementor-sitemap-item elementor-sitemap-item-chambre page_item page-item-4274\"><a href=\"https:\/\/www.hotel-rohan.com\/fr\/chambre\/chambre-deluxe\/\">Chambre Sup\u00e9rieure double<\/a><\/li><li class=\"elementor-sitemap-item elementor-sitemap-item-chambre page_item page-item-4269\"><a href=\"https:\/\/www.hotel-rohan.com\/fr\/chambre\/chambres-confort-double\/\">Chambre Confort Double<\/a><\/li><li class=\"elementor-sitemap-item elementor-sitemap-item-chambre page_item page-item-4275\"><a href=\"https:\/\/www.hotel-rohan.com\/fr\/chambre\/chambre-confort-single\/\">Petite chambre single<\/a><\/li><\/ul><\/div><\/div>\t\t\t\t<\/div>\n\t\t\t\t<\/div>\n\t\t\t\t<div class=\"elementor-element elementor-element-67ce85e elementor-widget elementor-widget-sitemap\" data-id=\"67ce85e\" data-element_type=\"widget\" data-e-type=\"widget\" data-widget_type=\"sitemap.default\">\n\t\t\t\t<div class=\"elementor-widget-container\">\n\t\t\t\t\t<div class=\"elementor-sitemap-wrap\"><div class=\"elementor-sitemap-section\"><h2 class=\"elementor-sitemap-title elementor-sitemap-services-title\">Services<\/h2><ul class=\"elementor-sitemap-list elementor-sitemap-services-list\"><li class=\"elementor-sitemap-item elementor-sitemap-item-services page_item page-item-8899\"><a href=\"https:\/\/www.hotel-rohan.com\/fr\/services\/transfert-et-decouverte-de-lalsace-avec-chauffeur-prive\/\">Transfert et d\u00e9couverte de l\u2019Alsace avec chauffeur priv\u00e9<\/a><\/li><li class=\"elementor-sitemap-item elementor-sitemap-item-services page_item page-item-4340\"><a href=\"https:\/\/www.hotel-rohan.com\/fr\/services\/bien-etre-soins-du-corps\/\">Bien-\u00eatre &#038; soins du corps<\/a><\/li><li class=\"elementor-sitemap-item elementor-sitemap-item-services page_item page-item-4276\"><a href=\"https:\/\/www.hotel-rohan.com\/fr\/services\/notre-bar\/\">Notre bar<\/a><\/li><li class=\"elementor-sitemap-item elementor-sitemap-item-services page_item page-item-1065\"><a href=\"https:\/\/www.hotel-rohan.com\/fr\/services\/petit-dejeuner\/\">Petit-D\u00e9jeuner<\/a><\/li><li class=\"elementor-sitemap-item elementor-sitemap-item-services page_item page-item-1037\"><a href=\"https:\/\/www.hotel-rohan.com\/fr\/services\/informations-utiles\/\">Informations utiles<\/a><\/li><\/ul><\/div><\/div>\t\t\t\t<\/div>\n\t\t\t\t<\/div>\n\t\t\t\t<div class=\"elementor-element elementor-element-362f2d7 elementor-widget elementor-widget-sitemap\" data-id=\"362f2d7\" data-element_type=\"widget\" data-e-type=\"widget\" data-widget_type=\"sitemap.default\">\n\t\t\t\t<div class=\"elementor-widget-container\">\n\t\t\t\t\t<div class=\"elementor-sitemap-wrap\"><div class=\"elementor-sitemap-section\"><h2 class=\"elementor-sitemap-title elementor-sitemap-offers-title\">Offres<\/h2><ul class=\"elementor-sitemap-list elementor-sitemap-offers-list\"><li class=\"elementor-sitemap-item elementor-sitemap-item-offers page_item page-item-15263\"><a href=\"https:\/\/www.hotel-rohan.com\/fr\/offers\/city-break\/\">Offre City Break<\/a><\/li><li class=\"elementor-sitemap-item elementor-sitemap-item-offers page_item page-item-9106\"><a href=\"https:\/\/www.hotel-rohan.com\/fr\/offers\/accueil-romantique\/\">Accueil Romantique<\/a><\/li><\/ul><\/div><\/div>\t\t\t\t<\/div>\n\t\t\t\t<\/div>\n\t\t\t\t\t<\/div>\n\t\t<\/div>\n\t\t\t\t\t<\/div>\n\t\t<\/section>\n\t\t\t\t\t<\/div>\n\t\t<\/div>\n\t\t\t\t\t<\/div>\n\t\t<\/section>\n\t\t\t\t<\/div>\n\t\t","protected":false},"excerpt":{"rendered":"<p>Accueil Plan du site<\/p>\n","protected":false},"author":8,"featured_media":0,"parent":0,"menu_order":35,"comment_status":"closed","ping_status":"closed","template":"","meta":{"_acf_changed":false,"footnotes":""},"class_list":["post-13203","page","type-page","status-publish","hentry"],"acf":[],"_links":{"self":[{"href":"https:\/\/www.hotel-rohan.com\/fr\/wp-json\/wp\/v2\/pages\/13203","targetHints":{"allow":["GET"]}}],"collection":[{"href":"https:\/\/www.hotel-rohan.com\/fr\/wp-json\/wp\/v2\/pages"}],"about":[{"href":"https:\/\/www.hotel-rohan.com\/fr\/wp-json\/wp\/v2\/types\/page"}],"author":[{"embeddable":true,"href":"https:\/\/www.hotel-rohan.com\/fr\/wp-json\/wp\/v2\/users\/8"}],"replies":[{"embeddable":true,"href":"https:\/\/www.hotel-rohan.com\/fr\/wp-json\/wp\/v2\/comments?post=13203"}],"version-history":[{"count":0,"href":"https:\/\/www.hotel-rohan.com\/fr\/wp-json\/wp\/v2\/pages\/13203\/revisions"}],"wp:attachment":[{"href":"https:\/\/www.hotel-rohan.com\/fr\/wp-json\/wp\/v2\/media?parent=13203"}],"curies":[{"name":"wp","href":"https:\/\/api.w.org\/{rel}","templated":true}]}}