{"id":13813,"date":"2024-04-18T10:45:18","date_gmt":"2024-04-18T10:45:18","guid":{"rendered":"https:\/\/www.hotel-rohan.com\/?page_id=13813"},"modified":"2026-03-05T13:33:25","modified_gmt":"2026-03-05T13:33:25","slug":"acceder-a-lhotel","status":"publish","type":"page","link":"https:\/\/www.hotel-rohan.com\/fr\/acceder-a-lhotel\/","title":{"rendered":"Acc\u00e9der \u00e0 l&rsquo;h\u00f4tel"},"content":{"rendered":"\t\t<div data-elementor-type=\"wp-page\" data-elementor-id=\"13813\" class=\"elementor elementor-13813\" data-elementor-post-type=\"page\">\n\t\t\t\t\t\t<section data-dce-background-overlay-color=\"#000000\" data-dce-background-image-url=\"https:\/\/www.hotel-rohan.com\/wp-content\/uploads\/2023\/05\/hotel-rohan-strasbourg-petite-france.webp\" class=\"elementor-section elementor-top-section elementor-element elementor-element-c03a3f7 elementor-section-height-min-height elementor-section-boxed elementor-section-height-default elementor-section-items-middle\" data-id=\"c03a3f7\" data-element_type=\"section\" data-e-type=\"section\" data-settings=\"{&quot;background_background&quot;:&quot;classic&quot;}\">\n\t\t\t\t\t\t\t<div class=\" elementor-background-overlay lazyelementorbackgroundimages \"><\/div>\n\t\t\t\t\t\t\t<div class=\"elementor-container elementor-column-gap-default\">\n\t\t\t\t\t<div class=\"elementor-column elementor-col-100 elementor-top-column elementor-element elementor-element-5a29ea5\" data-id=\"5a29ea5\" data-element_type=\"column\" data-e-type=\"column\">\n\t\t\t<div class=\"elementor-widget-wrap elementor-element-populated\">\n\t\t\t\t\t\t<div class=\"elementor-element elementor-element-259b757 elementor-widget elementor-widget-heading\" data-id=\"259b757\" data-element_type=\"widget\" data-e-type=\"widget\" data-widget_type=\"heading.default\">\n\t\t\t\t<div class=\"elementor-widget-container\">\n\t\t\t\t\t<span class=\"elementor-heading-title elementor-size-default\">Acc\u00e8der \u00e0 l'h\u00f4tel<\/span>\t\t\t\t<\/div>\n\t\t\t\t<\/div>\n\t\t\t\t\t<\/div>\n\t\t<\/div>\n\t\t\t\t\t<\/div>\n\t\t<\/section>\n\t\t\t\t<section class=\"elementor-section elementor-top-section elementor-element elementor-element-5218901 elementor-section-boxed elementor-section-height-default elementor-section-height-default\" data-id=\"5218901\" data-element_type=\"section\" data-e-type=\"section\">\n\t\t\t\t\t\t<div class=\"elementor-container elementor-column-gap-default\">\n\t\t\t\t\t<div class=\"elementor-column elementor-col-100 elementor-top-column elementor-element elementor-element-e893aab\" data-id=\"e893aab\" data-element_type=\"column\" data-e-type=\"column\">\n\t\t\t<div class=\"elementor-widget-wrap elementor-element-populated\">\n\t\t\t\t\t\t<div data-dce-title-color=\"#D18A48\" class=\"elementor-element elementor-element-65b1740 elementor-widget elementor-widget-heading\" data-id=\"65b1740\" data-element_type=\"widget\" data-e-type=\"widget\" data-widget_type=\"heading.default\">\n\t\t\t\t<div class=\"elementor-widget-container\">\n\t\t\t\t\t<h1 class=\"elementor-heading-title elementor-size-default\">Acc\u00e9der \u00e0 l'H\u00f4tel Rohan Strasbourg<\/h1>\t\t\t\t<\/div>\n\t\t\t\t<\/div>\n\t\t\t\t<div class=\"elementor-element elementor-element-8857310 elementor-widget elementor-widget-text-editor\" data-id=\"8857310\" data-element_type=\"widget\" data-e-type=\"widget\" data-widget_type=\"text-editor.default\">\n\t\t\t\t<div class=\"elementor-widget-container\">\n\t\t\t\t\t\t\t\t\t<p>Situ\u00e9 au c\u0153ur de la vieille ville de Strasbourg, l&rsquo;H\u00f4tel Rohan est facilement accessible depuis la gare, l&rsquo;a\u00e9roport ou l&rsquo;autoroute. Que vous veniez en voiture, en train ou en avion, retrouvez ci-dessous toutes les informations pour nous rejoindre en toute s\u00e9r\u00e9nit\u00e9.<\/p>\t\t\t\t\t\t\t\t<\/div>\n\t\t\t\t<\/div>\n\t\t\t\t<div data-dce-title-color=\"#D18A48\" class=\"elementor-element elementor-element-21e353e elementor-widget elementor-widget-heading\" data-id=\"21e353e\" data-element_type=\"widget\" data-e-type=\"widget\" data-widget_type=\"heading.default\">\n\t\t\t\t<div class=\"elementor-widget-container\">\n\t\t\t\t\t<h2 class=\"elementor-heading-title elementor-size-default\">Comment venir jusqu'\u00e0 nous ?<\/h2>\t\t\t\t<\/div>\n\t\t\t\t<\/div>\n\t\t\t\t<section class=\"elementor-section elementor-inner-section elementor-element elementor-element-d567a2d elementor-section-boxed elementor-section-height-default elementor-section-height-default\" data-id=\"d567a2d\" data-element_type=\"section\" data-e-type=\"section\">\n\t\t\t\t\t\t<div class=\"elementor-container elementor-column-gap-default\">\n\t\t\t\t\t<div data-dce-background-color=\"#F4F0E3\" class=\"elementor-column elementor-col-50 elementor-inner-column elementor-element elementor-element-ea6121a\" data-id=\"ea6121a\" data-element_type=\"column\" data-e-type=\"column\" data-settings=\"{&quot;background_background&quot;:&quot;classic&quot;}\">\n\t\t\t<div class=\"elementor-widget-wrap elementor-element-populated\">\n\t\t\t\t\t\t<div data-dce-title-color=\"#BD7C40\" class=\"elementor-element elementor-element-6596f8b elementor-widget elementor-widget-heading\" data-id=\"6596f8b\" data-element_type=\"widget\" data-e-type=\"widget\" data-widget_type=\"heading.default\">\n\t\t\t\t<div class=\"elementor-widget-container\">\n\t\t\t\t\t<h3 class=\"elementor-heading-title elementor-size-default\">vOUS VENEZ EN VOITURE ?<\/h3>\t\t\t\t<\/div>\n\t\t\t\t<\/div>\n\t\t\t\t<div class=\"elementor-element elementor-element-d2c1ecb elementor-widget elementor-widget-text-editor\" data-id=\"d2c1ecb\" data-element_type=\"widget\" data-e-type=\"widget\" data-widget_type=\"text-editor.default\">\n\t\t\t\t<div class=\"elementor-widget-container\">\n\t\t\t\t\t\t\t\t\t<p>L\u2019h\u00f4tel se trouve sur une rue pi\u00e9tonne, se rendre directement au parking public Austerlitz qui est indiqu\u00e9 d\u00e8s la sortie d&rsquo;autoroute \u00a0\u00bb Place de l&rsquo;Etoile \u00ab\u00a0. Il suffit de suivre les panneaux Centre-Ville puis \u00a0\u00bb Parking AUSTERLITZ \u00ab\u00a0<\/p><p>Pour plus de facilit\u00e9, mettre \u00ab Rue des B\u0153ufs \u00bb dans votre GPS et il vous m\u00e8nera juste devant l\u2019entr\u00e9e (300 m\u00e8tres \u00e0 pied de l\u2019H\u00f4tel Rohan).<\/p><p>Attention hauteur max. 1.90M.<\/p><p><b>Tarif :<\/b> 22\u20ac\/24h<\/p><p>En cas de parking complet, le parking Gutenberg est \u00e9galement disponible sur la place qui porte le m\u00eame nom. Il a l&rsquo;avantage d&rsquo;\u00eatre le parking le plus proche de l&rsquo;h\u00f4tel (150m) mais son co\u00fbt est plus \u00e9lev\u00e9 (44\u20ac\/24h)<\/p><p><strong style=\"color: red;\">ATTENTION :<\/strong> A partir du 1er janvier 2024 les vignettes CRIT&rsquo;AIR 4 + 3 sont bannies de l&rsquo;Eurom\u00e9tropole de Strasbourg. Seules les vignettes 1 et 2 sont accept\u00e9es.<br \/>Vous pouvez la commander sur ce lien : <span style=\"color: #8c945e;\"><a style=\"color: #8c945e;\" href=\"http:\/\/www.certificat-air.gouv.fr\/\"><strong>www.certificat-air.gouv.fr<\/strong><\/a><\/span><\/p>\t\t\t\t\t\t\t\t<\/div>\n\t\t\t\t<\/div>\n\t\t\t\t\t<\/div>\n\t\t<\/div>\n\t\t\t\t<div data-dce-background-image-url=\"https:\/\/www.hotel-rohan.com\/wp-content\/uploads\/2022\/03\/Hotel-Rohan-Strasbourg-5.webp\" class=\"elementor-column elementor-col-50 elementor-inner-column elementor-element elementor-element-57a62e4\" data-id=\"57a62e4\" data-element_type=\"column\" data-e-type=\"column\" data-settings=\"{&quot;background_background&quot;:&quot;classic&quot;}\">\n\t\t\t<div class=\"elementor-widget-wrap elementor-element-populated\">\n\t\t\t\t\t\t<div class=\"elementor-element elementor-element-3612958 elementor-widget elementor-widget-spacer\" data-id=\"3612958\" data-element_type=\"widget\" data-e-type=\"widget\" data-widget_type=\"spacer.default\">\n\t\t\t\t<div class=\"elementor-widget-container\">\n\t\t\t\t\t\t\t<div class=\"elementor-spacer\">\n\t\t\t<div class=\"elementor-spacer-inner\"><\/div>\n\t\t<\/div>\n\t\t\t\t\t\t<\/div>\n\t\t\t\t<\/div>\n\t\t\t\t\t<\/div>\n\t\t<\/div>\n\t\t\t\t\t<\/div>\n\t\t<\/section>\n\t\t\t\t<section class=\"elementor-section elementor-inner-section elementor-element elementor-element-a107258 elementor-reverse-tablet elementor-reverse-mobile elementor-section-boxed elementor-section-height-default elementor-section-height-default\" data-id=\"a107258\" data-element_type=\"section\" data-e-type=\"section\">\n\t\t\t\t\t\t<div class=\"elementor-container elementor-column-gap-default\">\n\t\t\t\t\t<div data-dce-background-image-url=\"https:\/\/www.hotel-rohan.com\/wp-content\/uploads\/2022\/03\/Salle-de-bain-Confort-double-1.webp\" class=\"elementor-column elementor-col-50 elementor-inner-column elementor-element elementor-element-5667998\" data-id=\"5667998\" data-element_type=\"column\" data-e-type=\"column\" data-settings=\"{&quot;background_background&quot;:&quot;classic&quot;}\">\n\t\t\t<div class=\"elementor-widget-wrap elementor-element-populated\">\n\t\t\t\t\t\t<div class=\"elementor-element elementor-element-2d2791b elementor-widget elementor-widget-spacer\" data-id=\"2d2791b\" data-element_type=\"widget\" data-e-type=\"widget\" data-widget_type=\"spacer.default\">\n\t\t\t\t<div class=\"elementor-widget-container\">\n\t\t\t\t\t\t\t<div class=\"elementor-spacer\">\n\t\t\t<div class=\"elementor-spacer-inner\"><\/div>\n\t\t<\/div>\n\t\t\t\t\t\t<\/div>\n\t\t\t\t<\/div>\n\t\t\t\t\t<\/div>\n\t\t<\/div>\n\t\t\t\t<div data-dce-background-color=\"#F4F0E3\" class=\"elementor-column elementor-col-50 elementor-inner-column elementor-element elementor-element-de4a182\" data-id=\"de4a182\" data-element_type=\"column\" data-e-type=\"column\" data-settings=\"{&quot;background_background&quot;:&quot;classic&quot;}\">\n\t\t\t<div class=\"elementor-widget-wrap elementor-element-populated\">\n\t\t\t\t\t\t<div class=\"elementor-element elementor-element-cf1e998 elementor-widget elementor-widget-heading\" data-id=\"cf1e998\" data-element_type=\"widget\" data-e-type=\"widget\" data-widget_type=\"heading.default\">\n\t\t\t\t<div class=\"elementor-widget-container\">\n\t\t\t\t\t<h3 class=\"elementor-heading-title elementor-size-default\"><a href=\"https:\/\/www.hotel-roys-versailles.com\/\" target=\"_blank\">Vous venez en train?<\/a><\/h3>\t\t\t\t<\/div>\n\t\t\t\t<\/div>\n\t\t\t\t<div class=\"elementor-element elementor-element-83bb9b2 elementor-widget elementor-widget-text-editor\" data-id=\"83bb9b2\" data-element_type=\"widget\" data-e-type=\"widget\" data-widget_type=\"text-editor.default\">\n\t\t\t\t<div class=\"elementor-widget-container\">\n\t\t\t\t\t\t\t\t\t<p>Venez en TGV prenez le tram sous la gare et traversez la ville en seulement 4 stations pour nous rejoindre en 8 minutes. \u2013 Arr\u00eat : Langstross Grand\u2019Rue.<\/p><p><strong>Tramway ligne A<\/strong> (direction Illkirch) ou <strong>ligne D<\/strong> (direction Kehl Rathaus) \u2013<\/p><p><strong>Ticket :<\/strong> 1.90\u20ac \u00e0 acheter sur le quai ou sur l&rsquo;application mobile CTS.<\/p>\t\t\t\t\t\t\t\t<\/div>\n\t\t\t\t<\/div>\n\t\t\t\t<div class=\"elementor-element elementor-element-68eb054 elementor-widget elementor-widget-heading\" data-id=\"68eb054\" data-element_type=\"widget\" data-e-type=\"widget\" data-widget_type=\"heading.default\">\n\t\t\t\t<div class=\"elementor-widget-container\">\n\t\t\t\t\t<h3 class=\"elementor-heading-title elementor-size-default\"><a href=\"https:\/\/www.hotel-roys-versailles.com\/\" target=\"_blank\">Vous venez en avion ? vous n'\u00eates qu'\u00e0 9 minutes de Strasbourg<\/a><\/h3>\t\t\t\t<\/div>\n\t\t\t\t<\/div>\n\t\t\t\t<div class=\"elementor-element elementor-element-e091eba elementor-widget elementor-widget-text-editor\" data-id=\"e091eba\" data-element_type=\"widget\" data-e-type=\"widget\" data-widget_type=\"text-editor.default\">\n\t\t\t\t<div class=\"elementor-widget-container\">\n\t\t\t\t\t\t\t\t\t<p>Il est possible de prendre le TER depuis l\u2019a\u00e9roport d\u2019Entzheim \u00e0 Strasbourg, il y a des trains toutes les 20 minutes en moyenne. Prenez vos billets sur www.oui.sncf.<\/p><p><strong>Ticket :<\/strong> 4.50\u20ac (validit\u00e9 1h30 et inclus le billet TER et le billet tram).<\/p>\t\t\t\t\t\t\t\t<\/div>\n\t\t\t\t<\/div>\n\t\t\t\t<div class=\"elementor-element elementor-element-e436993 elementor-widget elementor-widget-heading\" data-id=\"e436993\" data-element_type=\"widget\" data-e-type=\"widget\" data-widget_type=\"heading.default\">\n\t\t\t\t<div class=\"elementor-widget-container\">\n\t\t\t\t\t<h3 class=\"elementor-heading-title elementor-size-default\"><a href=\"https:\/\/www.hotel-roys-versailles.com\/\" target=\"_blank\">Vous souhaitez faire une r\u00e9servation de Taxi ?\n<\/a><\/h3>\t\t\t\t<\/div>\n\t\t\t\t<\/div>\n\t\t\t\t<div class=\"elementor-element elementor-element-df08bfa elementor-widget elementor-widget-text-editor\" data-id=\"df08bfa\" data-element_type=\"widget\" data-e-type=\"widget\" data-widget_type=\"text-editor.default\">\n\t\t\t\t<div class=\"elementor-widget-container\">\n\t\t\t\t\t\t\t\t\t<p>Compagnie TAXI 13 24H\/24 \u2013 7J\/7 joignable au <a href=\"tel:0033388328511\"><span style=\"color: #8c945e;\"><strong>03.88.36.13.13<\/strong><\/span><\/a> ou <a href=\"http:\/\/www.taxi13.fr\"><strong><span style=\"color: #8c945e;\">www.taxi13.fr<\/span><\/strong><\/a><\/p>\t\t\t\t\t\t\t\t<\/div>\n\t\t\t\t<\/div>\n\t\t\t\t\t<\/div>\n\t\t<\/div>\n\t\t\t\t\t<\/div>\n\t\t<\/section>\n\t\t\t\t<div class=\"elementor-element elementor-element-24ae039 elementor-widget elementor-widget-image\" data-id=\"24ae039\" data-element_type=\"widget\" data-e-type=\"widget\" data-widget_type=\"image.default\">\n\t\t\t\t<div class=\"elementor-widget-container\">\n\t\t\t\t\t\t\t\t\t\t\t\t\t\t\t<img fetchpriority=\"high\" decoding=\"async\" width=\"2047\" height=\"883\" src=\"https:\/\/www.hotel-rohan.com\/wp-content\/uploads\/strasbourg-hotel-rohan-map-1.png\" class=\"attachment-full size-full wp-image-13847\" alt=\"\" srcset=\"https:\/\/www.hotel-rohan.com\/wp-content\/uploads\/strasbourg-hotel-rohan-map-1.png 2047w, https:\/\/www.hotel-rohan.com\/wp-content\/uploads\/strasbourg-hotel-rohan-map-1-300x129.png 300w, https:\/\/www.hotel-rohan.com\/wp-content\/uploads\/strasbourg-hotel-rohan-map-1-1024x442.png 1024w, https:\/\/www.hotel-rohan.com\/wp-content\/uploads\/strasbourg-hotel-rohan-map-1-768x331.png 768w, https:\/\/www.hotel-rohan.com\/wp-content\/uploads\/strasbourg-hotel-rohan-map-1-1536x663.png 1536w\" sizes=\"(max-width: 2047px) 100vw, 2047px\" \/>\t\t\t\t\t\t\t\t\t\t\t\t\t\t\t<\/div>\n\t\t\t\t<\/div>\n\t\t\t\t\t<\/div>\n\t\t<\/div>\n\t\t\t\t\t<\/div>\n\t\t<\/section>\n\t\t\t\t<\/div>\n\t\t","protected":false},"excerpt":{"rendered":"<p>Acc\u00e8der \u00e0 l&rsquo;h\u00f4tel Acc\u00e9der \u00e0 l&rsquo;H\u00f4tel Rohan Strasbourg Situ\u00e9 au c\u0153ur de la vieille ville de Strasbourg, l&rsquo;H\u00f4tel Rohan est facilement accessible depuis la gare, l&rsquo;a\u00e9roport ou l&rsquo;autoroute. Que vous veniez en voiture, en train ou en avion, retrouvez ci-dessous toutes les informations pour nous rejoindre en toute s\u00e9r\u00e9nit\u00e9. Comment venir jusqu&rsquo;\u00e0 nous ? vOUS [&hellip;]<\/p>\n","protected":false},"author":3,"featured_media":0,"parent":0,"menu_order":4,"comment_status":"closed","ping_status":"closed","template":"","meta":{"_acf_changed":false,"footnotes":""},"class_list":["post-13813","page","type-page","status-publish","hentry"],"acf":[],"_links":{"self":[{"href":"https:\/\/www.hotel-rohan.com\/fr\/wp-json\/wp\/v2\/pages\/13813","targetHints":{"allow":["GET"]}}],"collection":[{"href":"https:\/\/www.hotel-rohan.com\/fr\/wp-json\/wp\/v2\/pages"}],"about":[{"href":"https:\/\/www.hotel-rohan.com\/fr\/wp-json\/wp\/v2\/types\/page"}],"author":[{"embeddable":true,"href":"https:\/\/www.hotel-rohan.com\/fr\/wp-json\/wp\/v2\/users\/3"}],"replies":[{"embeddable":true,"href":"https:\/\/www.hotel-rohan.com\/fr\/wp-json\/wp\/v2\/comments?post=13813"}],"version-history":[{"count":12,"href":"https:\/\/www.hotel-rohan.com\/fr\/wp-json\/wp\/v2\/pages\/13813\/revisions"}],"predecessor-version":[{"id":15924,"href":"https:\/\/www.hotel-rohan.com\/fr\/wp-json\/wp\/v2\/pages\/13813\/revisions\/15924"}],"wp:attachment":[{"href":"https:\/\/www.hotel-rohan.com\/fr\/wp-json\/wp\/v2\/media?parent=13813"}],"curies":[{"name":"wp","href":"https:\/\/api.w.org\/{rel}","templated":true}]}}