{"id":1392,"date":"2021-11-02T14:01:24","date_gmt":"2021-11-02T14:01:24","guid":{"rendered":"https:\/\/hotel.site7.eu\/?page_id=1392"},"modified":"2026-03-05T12:43:23","modified_gmt":"2026-03-05T12:43:23","slug":"offres-speciales","status":"publish","type":"page","link":"https:\/\/www.hotel-rohan.com\/fr\/offres-speciales\/","title":{"rendered":"Offres"},"content":{"rendered":"\t\t<div data-elementor-type=\"wp-page\" data-elementor-id=\"1392\" class=\"elementor elementor-1392\" data-elementor-post-type=\"page\">\n\t\t\t\t\t\t<section data-dce-background-overlay-color=\"#000000\" data-dce-background-image-url=\"https:\/\/www.hotel-rohan.com\/wp-content\/uploads\/2022\/03\/Hotel-Rohan-4-etoile-Strasbourg.webp\" class=\"elementor-section elementor-top-section elementor-element elementor-element-6c90107 elementor-section-height-min-height elementor-section-boxed elementor-section-height-default elementor-section-items-middle\" data-id=\"6c90107\" data-element_type=\"section\" data-e-type=\"section\" data-settings=\"{&quot;background_background&quot;:&quot;classic&quot;}\">\n\t\t\t\t\t\t\t<div class=\" elementor-background-overlay lazyelementorbackgroundimages \"><\/div>\n\t\t\t\t\t\t\t<div class=\"elementor-container elementor-column-gap-default\">\n\t\t\t\t\t<div class=\"elementor-column elementor-col-100 elementor-top-column elementor-element elementor-element-3308e87\" data-id=\"3308e87\" data-element_type=\"column\" data-e-type=\"column\">\n\t\t\t<div class=\"elementor-widget-wrap elementor-element-populated\">\n\t\t\t\t\t\t<div class=\"elementor-element elementor-element-381a7d2 elementor-widget elementor-widget-heading\" data-id=\"381a7d2\" data-element_type=\"widget\" data-e-type=\"widget\" data-widget_type=\"heading.default\">\n\t\t\t\t<div class=\"elementor-widget-container\">\n\t\t\t\t\t<span class=\"elementor-heading-title elementor-size-default\">Nos offres \u00e0 Strasbourg<\/span>\t\t\t\t<\/div>\n\t\t\t\t<\/div>\n\t\t\t\t\t<\/div>\n\t\t<\/div>\n\t\t\t\t\t<\/div>\n\t\t<\/section>\n\t\t\t\t<section class=\"elementor-section elementor-top-section elementor-element elementor-element-f31bf67 elementor-section-boxed elementor-section-height-default elementor-section-height-default\" data-id=\"f31bf67\" data-element_type=\"section\" data-e-type=\"section\">\n\t\t\t\t\t\t<div class=\"elementor-container elementor-column-gap-default\">\n\t\t\t\t\t<div class=\"elementor-column elementor-col-100 elementor-top-column elementor-element elementor-element-ce6f0d7\" data-id=\"ce6f0d7\" data-element_type=\"column\" data-e-type=\"column\">\n\t\t\t<div class=\"elementor-widget-wrap elementor-element-populated\">\n\t\t\t\t\t\t<div data-dce-title-color=\"#D18A48\" class=\"elementor-element elementor-element-844a1c0 elementor-widget elementor-widget-heading\" data-id=\"844a1c0\" data-element_type=\"widget\" data-e-type=\"widget\" data-widget_type=\"heading.default\">\n\t\t\t\t<div class=\"elementor-widget-container\">\n\t\t\t\t\t<h1 class=\"elementor-heading-title elementor-size-default\">Offres sp\u00e9ciales \u00e0 l'H\u00f4tel Rohan Strasbourg<\/h1>\t\t\t\t<\/div>\n\t\t\t\t<\/div>\n\t\t\t\t<div class=\"elementor-element elementor-element-1644c52 elementor-widget elementor-widget-text-editor\" data-id=\"1644c52\" data-element_type=\"widget\" data-e-type=\"widget\" data-widget_type=\"text-editor.default\">\n\t\t\t\t<div class=\"elementor-widget-container\">\n\t\t\t\t\t\t\t\t\t<p>Profitez de nos offres exclusives pour vivre un s\u00e9jour inoubliable au c\u0153ur de Strasbourg. Que ce soit pour une escapade romantique, un s\u00e9jour en famille ou un voyage d&rsquo;affaires, l&rsquo;H\u00f4tel Rohan vous propose des bons plans pens\u00e9s pour chaque occasion.<\/p>\t\t\t\t\t\t\t\t<\/div>\n\t\t\t\t<\/div>\n\t\t\t\t<div data-dce-title-color=\"#D18A48\" class=\"elementor-element elementor-element-4ac5fb5 elementor-widget elementor-widget-heading\" data-id=\"4ac5fb5\" data-element_type=\"widget\" data-e-type=\"widget\" data-widget_type=\"heading.default\">\n\t\t\t\t<div class=\"elementor-widget-container\">\n\t\t\t\t\t<h2 class=\"elementor-heading-title elementor-size-default\">Nos s\u00e9jours et bons plans<\/h2>\t\t\t\t<\/div>\n\t\t\t\t<\/div>\n\t\t\t\t<div class=\"elementor-element elementor-element-79c7568 elementor-grid-2 elementor-posts--thumbnail-top elementor-grid-tablet-2 elementor-grid-mobile-1 elementor-widget elementor-widget-posts\" data-id=\"79c7568\" data-element_type=\"widget\" data-e-type=\"widget\" data-settings=\"{&quot;custom_columns&quot;:&quot;2&quot;,&quot;custom_columns_tablet&quot;:&quot;2&quot;,&quot;custom_columns_mobile&quot;:&quot;1&quot;,&quot;custom_row_gap&quot;:{&quot;unit&quot;:&quot;px&quot;,&quot;size&quot;:35,&quot;sizes&quot;:[]},&quot;custom_row_gap_tablet&quot;:{&quot;unit&quot;:&quot;px&quot;,&quot;size&quot;:&quot;&quot;,&quot;sizes&quot;:[]},&quot;custom_row_gap_mobile&quot;:{&quot;unit&quot;:&quot;px&quot;,&quot;size&quot;:&quot;&quot;,&quot;sizes&quot;:[]}}\" data-widget_type=\"posts.custom\">\n\t\t\t\t<div class=\"elementor-widget-container\">\n\t\t\t\t\t      <div class=\"ecs-posts elementor-posts-container elementor-posts   elementor-grid elementor-posts--skin-custom\" data-settings=\"{&quot;current_page&quot;:1,&quot;max_num_pages&quot;:1,&quot;load_method&quot;:&quot;&quot;,&quot;widget_id&quot;:&quot;79c7568&quot;,&quot;post_id&quot;:1392,&quot;theme_id&quot;:1392,&quot;change_url&quot;:false,&quot;reinit_js&quot;:false}\">\n      \t\t<article id=\"post-15263\" class=\"elementor-post elementor-grid-item ecs-post-loop post-15263 offers type-offers status-publish has-post-thumbnail hentry\">\n\t\t\t\t<div data-elementor-type=\"loop\" data-elementor-id=\"1412\" class=\"elementor elementor-1412 post-15263 offers type-offers status-publish has-post-thumbnail hentry\" data-elementor-post-type=\"elementor_library\">\n\t\t\t\t\t<section class=\"elementor-section elementor-top-section elementor-element elementor-element-b229d43 elementor-section-boxed elementor-section-height-default elementor-section-height-default\" data-id=\"b229d43\" data-element_type=\"section\" data-e-type=\"section\">\n\t\t\t\t\t\t<div class=\"elementor-container elementor-column-gap-default\">\n\t\t\t\t\t<div class=\"elementor-column elementor-col-100 elementor-top-column elementor-element elementor-element-d4a3b69\" data-id=\"d4a3b69\" data-element_type=\"column\" data-e-type=\"column\">\n\t\t\t<div class=\"elementor-widget-wrap elementor-element-populated\">\n\t\t\t\t\t\t<div class=\"elementor-element elementor-element-61876fd e-transform elementor-widget elementor-widget-theme-post-featured-image elementor-widget-image\" data-id=\"61876fd\" data-element_type=\"widget\" data-e-type=\"widget\" data-settings=\"{&quot;_transform_scale_effect_hover&quot;:{&quot;unit&quot;:&quot;px&quot;,&quot;size&quot;:1.020000000000000017763568394002504646778106689453125,&quot;sizes&quot;:[]},&quot;_transform_scale_effect_hover_tablet&quot;:{&quot;unit&quot;:&quot;px&quot;,&quot;size&quot;:&quot;&quot;,&quot;sizes&quot;:[]},&quot;_transform_scale_effect_hover_mobile&quot;:{&quot;unit&quot;:&quot;px&quot;,&quot;size&quot;:&quot;&quot;,&quot;sizes&quot;:[]}}\" data-widget_type=\"theme-post-featured-image.default\">\n\t\t\t\t<div class=\"elementor-widget-container\">\n\t\t\t\t\t\t\t\t\t\t\t\t\t\t\t\t<a href=\"https:\/\/www.hotel-rohan.com\/fr\/offers\/city-break\/\">\n\t\t\t\t\t\t\t<img fetchpriority=\"high\" decoding=\"async\" width=\"1771\" height=\"1181\" src=\"https:\/\/www.hotel-rohan.com\/wp-content\/uploads\/offres\/strasbourg-city-break-hotel-rohan.webp\" class=\"attachment-full size-full wp-image-15264\" alt=\"Touriste d\u00e9couvrant le centre historique de Strasbourg lors d&#039;un city break depuis l&#039;H\u00f4tel Rohan\" srcset=\"https:\/\/www.hotel-rohan.com\/wp-content\/uploads\/offres\/strasbourg-city-break-hotel-rohan.webp 1771w, https:\/\/www.hotel-rohan.com\/wp-content\/uploads\/offres\/strasbourg-city-break-hotel-rohan-300x200.webp 300w, https:\/\/www.hotel-rohan.com\/wp-content\/uploads\/offres\/strasbourg-city-break-hotel-rohan-1024x683.webp 1024w, https:\/\/www.hotel-rohan.com\/wp-content\/uploads\/offres\/strasbourg-city-break-hotel-rohan-768x512.webp 768w, https:\/\/www.hotel-rohan.com\/wp-content\/uploads\/offres\/strasbourg-city-break-hotel-rohan-1536x1024.webp 1536w\" sizes=\"(max-width: 1771px) 100vw, 1771px\" \/>\t\t\t\t\t\t\t\t<\/a>\n\t\t\t\t\t\t\t\t\t\t\t\t\t\t\t<\/div>\n\t\t\t\t<\/div>\n\t\t\t\t<div data-dce-title-color=\"#FFFFFF\" data-dce-advanced-background-color=\"#8C945E\" class=\"elementor-element elementor-element-1981292 elementor-widget elementor-widget-image-box\" data-id=\"1981292\" data-element_type=\"widget\" data-e-type=\"widget\" data-widget_type=\"image-box.default\">\n\t\t\t\t<div class=\"elementor-widget-container\">\n\t\t\t\t\t<div class=\"elementor-image-box-wrapper\"><div class=\"elementor-image-box-content\"><h3 class=\"elementor-image-box-title\"><a href=\"https:\/\/www.hotel-rohan.com\/fr\/offers\/city-break\/\">Offre City Break<\/a><\/h3><p class=\"elementor-image-box-description\">Offres<\/p><\/div><\/div>\t\t\t\t<\/div>\n\t\t\t\t<\/div>\n\t\t\t\t<div class=\"elementor-element elementor-element-0f47a1d elementor-align-center elementor-mobile-align-center custom-brown-btn elementor-widget elementor-widget-button\" data-id=\"0f47a1d\" data-element_type=\"widget\" data-e-type=\"widget\" data-widget_type=\"button.default\">\n\t\t\t\t<div class=\"elementor-widget-container\">\n\t\t\t\t\t\t\t\t\t<div class=\"elementor-button-wrapper\">\n\t\t\t\t\t<a class=\"elementor-button elementor-button-link elementor-size-sm\" href=\"https:\/\/www.hotel-rohan.com\/fr\/offers\/city-break\/\">\n\t\t\t\t\t\t<span class=\"elementor-button-content-wrapper\">\n\t\t\t\t\t\t\t\t\t<span class=\"elementor-button-text\">D\u00e9couvrir<\/span>\n\t\t\t\t\t<\/span>\n\t\t\t\t\t<\/a>\n\t\t\t\t<\/div>\n\t\t\t\t\t\t\t\t<\/div>\n\t\t\t\t<\/div>\n\t\t\t\t\t<\/div>\n\t\t<\/div>\n\t\t\t\t\t<\/div>\n\t\t<\/section>\n\t\t\t\t<\/div>\n\t\t\t\t<\/article>\n\t\t\t\t<article id=\"post-9106\" class=\"elementor-post elementor-grid-item ecs-post-loop post-9106 offers type-offers status-publish has-post-thumbnail hentry\">\n\t\t\t\t<div data-elementor-type=\"loop\" data-elementor-id=\"1412\" class=\"elementor elementor-1412 post-9106 offers type-offers status-publish has-post-thumbnail hentry\" data-elementor-post-type=\"elementor_library\">\n\t\t\t\t\t<section class=\"elementor-section elementor-top-section elementor-element elementor-element-b229d43 elementor-section-boxed elementor-section-height-default elementor-section-height-default\" data-id=\"b229d43\" data-element_type=\"section\" data-e-type=\"section\">\n\t\t\t\t\t\t<div class=\"elementor-container elementor-column-gap-default\">\n\t\t\t\t\t<div class=\"elementor-column elementor-col-100 elementor-top-column elementor-element elementor-element-d4a3b69\" data-id=\"d4a3b69\" data-element_type=\"column\" data-e-type=\"column\">\n\t\t\t<div class=\"elementor-widget-wrap elementor-element-populated\">\n\t\t\t\t\t\t<div class=\"elementor-element elementor-element-61876fd e-transform elementor-widget elementor-widget-theme-post-featured-image elementor-widget-image\" data-id=\"61876fd\" data-element_type=\"widget\" data-e-type=\"widget\" data-settings=\"{&quot;_transform_scale_effect_hover&quot;:{&quot;unit&quot;:&quot;px&quot;,&quot;size&quot;:1.020000000000000017763568394002504646778106689453125,&quot;sizes&quot;:[]},&quot;_transform_scale_effect_hover_tablet&quot;:{&quot;unit&quot;:&quot;px&quot;,&quot;size&quot;:&quot;&quot;,&quot;sizes&quot;:[]},&quot;_transform_scale_effect_hover_mobile&quot;:{&quot;unit&quot;:&quot;px&quot;,&quot;size&quot;:&quot;&quot;,&quot;sizes&quot;:[]}}\" data-widget_type=\"theme-post-featured-image.default\">\n\t\t\t\t<div class=\"elementor-widget-container\">\n\t\t\t\t\t\t\t\t\t\t\t\t\t\t\t\t<a href=\"https:\/\/www.hotel-rohan.com\/fr\/offers\/accueil-romantique\/\">\n\t\t\t\t\t\t\t<img decoding=\"async\" width=\"1600\" height=\"1067\" src=\"https:\/\/www.hotel-rohan.com\/wp-content\/uploads\/offres\/offre-accueil-romantique-hotel-rohan.webp\" class=\"attachment-full size-full wp-image-15242\" alt=\"Boite de chocolats en coeur, roses et flutes a champagne pour l&#039;accueil romantique\" srcset=\"https:\/\/www.hotel-rohan.com\/wp-content\/uploads\/offres\/offre-accueil-romantique-hotel-rohan.webp 1600w, https:\/\/www.hotel-rohan.com\/wp-content\/uploads\/offres\/offre-accueil-romantique-hotel-rohan-300x200.webp 300w, https:\/\/www.hotel-rohan.com\/wp-content\/uploads\/offres\/offre-accueil-romantique-hotel-rohan-1024x683.webp 1024w, https:\/\/www.hotel-rohan.com\/wp-content\/uploads\/offres\/offre-accueil-romantique-hotel-rohan-768x512.webp 768w, https:\/\/www.hotel-rohan.com\/wp-content\/uploads\/offres\/offre-accueil-romantique-hotel-rohan-1536x1024.webp 1536w\" sizes=\"(max-width: 1600px) 100vw, 1600px\" \/>\t\t\t\t\t\t\t\t<\/a>\n\t\t\t\t\t\t\t\t\t\t\t\t\t\t\t<\/div>\n\t\t\t\t<\/div>\n\t\t\t\t<div data-dce-title-color=\"#FFFFFF\" data-dce-advanced-background-color=\"#8C945E\" class=\"elementor-element elementor-element-1981292 elementor-widget elementor-widget-image-box\" data-id=\"1981292\" data-element_type=\"widget\" data-e-type=\"widget\" data-widget_type=\"image-box.default\">\n\t\t\t\t<div class=\"elementor-widget-container\">\n\t\t\t\t\t<div class=\"elementor-image-box-wrapper\"><div class=\"elementor-image-box-content\"><h3 class=\"elementor-image-box-title\"><a href=\"https:\/\/www.hotel-rohan.com\/fr\/offers\/accueil-romantique\/\">Accueil Romantique<\/a><\/h3><p class=\"elementor-image-box-description\">Offres<\/p><\/div><\/div>\t\t\t\t<\/div>\n\t\t\t\t<\/div>\n\t\t\t\t<div class=\"elementor-element elementor-element-0f47a1d elementor-align-center elementor-mobile-align-center custom-brown-btn elementor-widget elementor-widget-button\" data-id=\"0f47a1d\" data-element_type=\"widget\" data-e-type=\"widget\" data-widget_type=\"button.default\">\n\t\t\t\t<div class=\"elementor-widget-container\">\n\t\t\t\t\t\t\t\t\t<div class=\"elementor-button-wrapper\">\n\t\t\t\t\t<a class=\"elementor-button elementor-button-link elementor-size-sm\" href=\"https:\/\/www.hotel-rohan.com\/fr\/offers\/accueil-romantique\/\">\n\t\t\t\t\t\t<span class=\"elementor-button-content-wrapper\">\n\t\t\t\t\t\t\t\t\t<span class=\"elementor-button-text\">D\u00e9couvrir<\/span>\n\t\t\t\t\t<\/span>\n\t\t\t\t\t<\/a>\n\t\t\t\t<\/div>\n\t\t\t\t\t\t\t\t<\/div>\n\t\t\t\t<\/div>\n\t\t\t\t\t<\/div>\n\t\t<\/div>\n\t\t\t\t\t<\/div>\n\t\t<\/section>\n\t\t\t\t<\/div>\n\t\t\t\t<\/article>\n\t\t\t\t<\/div>\n\t\t\t\t\t\t<\/div>\n\t\t\t\t<\/div>\n\t\t\t\t\t<\/div>\n\t\t<\/div>\n\t\t\t\t\t<\/div>\n\t\t<\/section>\n\t\t\t\t<\/div>\n\t\t","protected":false},"excerpt":{"rendered":"<p>Nos offres \u00e0 Strasbourg Offres sp\u00e9ciales \u00e0 l&rsquo;H\u00f4tel Rohan Strasbourg Profitez de nos offres exclusives pour vivre un s\u00e9jour inoubliable au c\u0153ur de Strasbourg. Que ce soit pour une escapade romantique, un s\u00e9jour en famille ou un voyage d&rsquo;affaires, l&rsquo;H\u00f4tel Rohan vous propose des bons plans pens\u00e9s pour chaque occasion. Nos s\u00e9jours et bons plans<\/p>\n","protected":false},"author":3,"featured_media":8962,"parent":0,"menu_order":6,"comment_status":"closed","ping_status":"closed","template":"","meta":{"_acf_changed":false,"footnotes":""},"class_list":["post-1392","page","type-page","status-publish","has-post-thumbnail","hentry"],"acf":[],"_links":{"self":[{"href":"https:\/\/www.hotel-rohan.com\/fr\/wp-json\/wp\/v2\/pages\/1392","targetHints":{"allow":["GET"]}}],"collection":[{"href":"https:\/\/www.hotel-rohan.com\/fr\/wp-json\/wp\/v2\/pages"}],"about":[{"href":"https:\/\/www.hotel-rohan.com\/fr\/wp-json\/wp\/v2\/types\/page"}],"author":[{"embeddable":true,"href":"https:\/\/www.hotel-rohan.com\/fr\/wp-json\/wp\/v2\/users\/3"}],"replies":[{"embeddable":true,"href":"https:\/\/www.hotel-rohan.com\/fr\/wp-json\/wp\/v2\/comments?post=1392"}],"version-history":[{"count":6,"href":"https:\/\/www.hotel-rohan.com\/fr\/wp-json\/wp\/v2\/pages\/1392\/revisions"}],"predecessor-version":[{"id":15840,"href":"https:\/\/www.hotel-rohan.com\/fr\/wp-json\/wp\/v2\/pages\/1392\/revisions\/15840"}],"wp:featuredmedia":[{"embeddable":true,"href":"https:\/\/www.hotel-rohan.com\/fr\/wp-json\/wp\/v2\/media\/8962"}],"wp:attachment":[{"href":"https:\/\/www.hotel-rohan.com\/fr\/wp-json\/wp\/v2\/media?parent=1392"}],"curies":[{"name":"wp","href":"https:\/\/api.w.org\/{rel}","templated":true}]}}